{"id":12,"date":"2022-09-13T08:50:05","date_gmt":"2022-09-13T08:50:05","guid":{"rendered":"https:\/\/www.eluard-tourisme.fr\/Rallye2022Bleu\/?page_id=12"},"modified":"2022-09-16T12:18:43","modified_gmt":"2022-09-16T12:18:43","slug":"creez-votre-site-avec-des-blocs","status":"publish","type":"page","link":"https:\/\/www.eluard-tourisme.fr\/Rallye2022Bleu\/","title":{"rendered":"Journ\u00e9e d&rsquo;int\u00e9gration BTS Tourisme"},"content":{"rendered":"\n<h2 class=\"alignfull has-text-align-center has-text-align-wide has-huge-font-size wp-block-heading\" style=\"line-height:1.1\"><strong>Parcours Equipe Bleue<\/strong><\/h2>\n\n\n\n<div class=\"wp-block-columns alignwide are-vertically-aligned-center is-style-twentytwentyone-columns-overlap is-layout-flex wp-container-core-columns-is-layout-9d6595d7 wp-block-columns-is-layout-flex\">\n<div class=\"wp-block-column is-vertically-aligned-center is-layout-flow wp-block-column-is-layout-flow\"><\/div>\n\n\n\n<div class=\"wp-block-column is-vertically-aligned-center is-layout-flow wp-block-column-is-layout-flow\"><\/div>\n<\/div>\n\n\n\n<div class=\"wp-block-group has-normal-font-size\"><div class=\"wp-block-group__inner-container is-layout-flow wp-block-group-is-layout-flow\">\n<div class=\"wp-block-columns are-vertically-aligned-center is-style-twentytwentyone-columns-overlap is-layout-flex wp-container-core-columns-is-layout-9d6595d7 wp-block-columns-is-layout-flex\">\n<div class=\"wp-block-column is-vertically-aligned-center is-layout-flow wp-block-column-is-layout-flow\" style=\"flex-basis:100%\">\n<iframe loading=\"lazy\" width=\"100%\" height=\"300px\" frameborder=\"0\" allowfullscreen=\"\" src=\"\/\/umap.openstreetmap.fr\/fr\/map\/parcours-equipe-bleu_807131?scaleControl=false&amp;miniMap=false&amp;scrollWheelZoom=false&amp;zoomControl=true&amp;allowEdit=false&amp;moreControl=true&amp;searchControl=null&amp;tilelayersControl=null&amp;embedControl=null&amp;datalayersControl=true&amp;onLoadPanel=undefined&amp;captionBar=false\"><\/iframe><p><a href=\"\/\/umap.openstreetmap.fr\/fr\/map\/parcours-equipe-bleu_807131\">Voir en plein \u00e9cran<\/a><\/p>\n<\/div>\n<\/div>\n<\/div><\/div>\n\n\n\n<div style=\"height:50px\" aria-hidden=\"true\" class=\"wp-block-spacer\"><\/div>\n\n\n\n<div class=\"wp-block-group alignwide\"><div class=\"wp-block-group__inner-container is-layout-flow wp-block-group-is-layout-flow\">\n<div class=\"wp-block-group alignwide\"><div class=\"wp-block-group__inner-container is-layout-flow wp-block-group-is-layout-flow\">\n<div class=\"wp-block-columns alignwide are-vertically-aligned-top is-layout-flex wp-container-core-columns-is-layout-9d6595d7 wp-block-columns-is-layout-flex\">\n<div class=\"wp-block-column is-vertically-aligned-top is-layout-flow wp-block-column-is-layout-flow\">\n<h3 class=\"wp-block-heading\">Etapes du circuit Bleu <\/h3>\n\n\n\n<ul class=\"has-black-color has-text-color wp-block-list\"><li>D\u00e9part \u00e0 l&rsquo;Office de Tourisme<\/li><li>Cin\u00e9Bourse<\/li><li>Coll\u00e9giale <\/li><li>Les Halles<\/li><li>Maison des Consuls<\/li><li>Rond Point Lasvergnas<\/li><li>Tour du Boeuf<\/li><li>Ganterie Agnelle<\/li><li>Chapelle Notre Dame du Pont<\/li><li>Quai des M\u00e9gisseries<\/li><li>Abbaye Saint-Amand<\/li><li>Arriv\u00e9e au Site Corot<\/li><\/ul>\n<\/div>\n\n\n\n<div class=\"wp-block-column is-vertically-aligned-top is-layout-flow wp-block-column-is-layout-flow\">\n<figure class=\"wp-block-image size-full is-resized\"><img loading=\"lazy\" decoding=\"async\" src=\"https:\/\/www.eluard-tourisme.fr\/Rallye2022Bleu\/wp-content\/uploads\/2022\/09\/P1070159-1.jpeg\" alt=\"\" class=\"wp-image-113\" width=\"320\" height=\"240\" srcset=\"https:\/\/www.eluard-tourisme.fr\/Rallye2022Bleu\/wp-content\/uploads\/2022\/09\/P1070159-1.jpeg 640w, https:\/\/www.eluard-tourisme.fr\/Rallye2022Bleu\/wp-content\/uploads\/2022\/09\/P1070159-1-300x225.jpeg 300w\" sizes=\"auto, (max-width: 320px) 100vw, 320px\" \/><figcaption>Guidage Abbaye Saint-Amand<\/figcaption><\/figure>\n<\/div>\n\n\n\n<div class=\"wp-block-column is-vertically-aligned-top is-layout-flow wp-block-column-is-layout-flow\">\n<h3 class=\"wp-block-heading\"><\/h3>\n<\/div>\n<\/div>\n<\/div><\/div>\n<\/div><\/div>\n","protected":false},"excerpt":{"rendered":"<p>Parcours Equipe Bleue Voir en plein \u00e9cran Etapes du circuit Bleu D\u00e9part \u00e0 l&rsquo;Office de Tourisme Cin\u00e9Bourse Coll\u00e9giale Les Halles Maison des Consuls Rond Point Lasvergnas Tour du Boeuf Ganterie Agnelle Chapelle Notre Dame du Pont Quai des M\u00e9gisseries Abbaye Saint-Amand Arriv\u00e9e au Site Corot<\/p>\n","protected":false},"author":2,"featured_media":0,"parent":0,"menu_order":0,"comment_status":"closed","ping_status":"closed","template":"","meta":{"footnotes":""},"class_list":["post-12","page","type-page","status-publish","hentry","entry"],"_links":{"self":[{"href":"https:\/\/www.eluard-tourisme.fr\/Rallye2022Bleu\/wp-json\/wp\/v2\/pages\/12","targetHints":{"allow":["GET"]}}],"collection":[{"href":"https:\/\/www.eluard-tourisme.fr\/Rallye2022Bleu\/wp-json\/wp\/v2\/pages"}],"about":[{"href":"https:\/\/www.eluard-tourisme.fr\/Rallye2022Bleu\/wp-json\/wp\/v2\/types\/page"}],"author":[{"embeddable":true,"href":"https:\/\/www.eluard-tourisme.fr\/Rallye2022Bleu\/wp-json\/wp\/v2\/users\/2"}],"replies":[{"embeddable":true,"href":"https:\/\/www.eluard-tourisme.fr\/Rallye2022Bleu\/wp-json\/wp\/v2\/comments?post=12"}],"version-history":[{"count":23,"href":"https:\/\/www.eluard-tourisme.fr\/Rallye2022Bleu\/wp-json\/wp\/v2\/pages\/12\/revisions"}],"predecessor-version":[{"id":116,"href":"https:\/\/www.eluard-tourisme.fr\/Rallye2022Bleu\/wp-json\/wp\/v2\/pages\/12\/revisions\/116"}],"wp:attachment":[{"href":"https:\/\/www.eluard-tourisme.fr\/Rallye2022Bleu\/wp-json\/wp\/v2\/media?parent=12"}],"curies":[{"name":"wp","href":"https:\/\/api.w.org\/{rel}","templated":true}]}}